{"id":23,"date":"2018-01-24T15:58:03","date_gmt":"2018-01-24T15:58:03","guid":{"rendered":"http:\/\/www.ergotherapie-trinkner.de\/?page_id=23"},"modified":"2018-10-01T16:18:44","modified_gmt":"2018-10-01T16:18:44","slug":"ergotherapie","status":"publish","type":"page","link":"https:\/\/www.ergotherapie-trinkner.de\/index.php\/ergotherapie\/","title":{"rendered":"Ergotherapie"},"content":{"rendered":"<section class=\"header-img\"><div class=\"wpb_column hcode-column-container vc_col-sm-12 col-xs-mobile-fullwidth\" data-front-class=\"col-xs-mobile-fullwidth\"><div class=\"vc-column-innner-wrapper\"><img loading=\"lazy\" decoding=\"async\" width=\"1920\" height=\"750\" src=\"https:\/\/www.ergotherapie-trinkner.de\/wp-content\/uploads\/2018\/07\/startseite.jpg\" class=\"\" alt=\"\" srcset=\"https:\/\/www.ergotherapie-trinkner.de\/wp-content\/uploads\/2018\/07\/startseite.jpg 1920w, https:\/\/www.ergotherapie-trinkner.de\/wp-content\/uploads\/2018\/07\/startseite-300x117.jpg 300w, https:\/\/www.ergotherapie-trinkner.de\/wp-content\/uploads\/2018\/07\/startseite-768x300.jpg 768w, https:\/\/www.ergotherapie-trinkner.de\/wp-content\/uploads\/2018\/07\/startseite-1024x400.jpg 1024w, https:\/\/www.ergotherapie-trinkner.de\/wp-content\/uploads\/2018\/07\/startseite-81x32.jpg 81w\" sizes=\"(max-width: 1920px) 100vw, 1920px\" \/><\/div><\/div><\/section><section><div class=\"container\"><div class=\"row\"><div class=\"wpb_column hcode-column-container vc_col-sm-12 col-xs-mobile-fullwidth\" data-front-class=\"col-xs-mobile-fullwidth\"><div class=\"vc-column-innner-wrapper\"><h1 class=\"section-title \">Was ist Ergotherapie?<\/h1><\/div><\/div><\/div><\/div><\/section><section><div class=\"container\"><div class=\"row\"><div class=\"wpb_column hcode-column-container vc_col-sm-3 col-xs-mobile-fullwidth\" data-front-class=\"col-xs-mobile-fullwidth\"><div class=\"vc-column-innner-wrapper\"><img loading=\"lazy\" decoding=\"async\" width=\"1920\" height=\"1272\" src=\"https:\/\/www.ergotherapie-trinkner.de\/wp-content\/uploads\/2018\/05\/DSC_3845.jpg\" class=\"\" alt=\"\" srcset=\"https:\/\/www.ergotherapie-trinkner.de\/wp-content\/uploads\/2018\/05\/DSC_3845.jpg 1920w, https:\/\/www.ergotherapie-trinkner.de\/wp-content\/uploads\/2018\/05\/DSC_3845-300x199.jpg 300w, https:\/\/www.ergotherapie-trinkner.de\/wp-content\/uploads\/2018\/05\/DSC_3845-768x509.jpg 768w, https:\/\/www.ergotherapie-trinkner.de\/wp-content\/uploads\/2018\/05\/DSC_3845-1024x678.jpg 1024w, https:\/\/www.ergotherapie-trinkner.de\/wp-content\/uploads\/2018\/05\/DSC_3845-81x54.jpg 81w\" sizes=\"(max-width: 1920px) 100vw, 1920px\" \/>[vc_empty_space height=\"50px\"]<img loading=\"lazy\" decoding=\"async\" width=\"4928\" height=\"3264\" src=\"https:\/\/www.ergotherapie-trinkner.de\/wp-content\/uploads\/2018\/07\/DSC_3886.jpg\" class=\"\" alt=\"\" srcset=\"https:\/\/www.ergotherapie-trinkner.de\/wp-content\/uploads\/2018\/07\/DSC_3886.jpg 4928w, https:\/\/www.ergotherapie-trinkner.de\/wp-content\/uploads\/2018\/07\/DSC_3886-300x199.jpg 300w, https:\/\/www.ergotherapie-trinkner.de\/wp-content\/uploads\/2018\/07\/DSC_3886-768x509.jpg 768w, https:\/\/www.ergotherapie-trinkner.de\/wp-content\/uploads\/2018\/07\/DSC_3886-1024x678.jpg 1024w, https:\/\/www.ergotherapie-trinkner.de\/wp-content\/uploads\/2018\/07\/DSC_3886-81x54.jpg 81w\" sizes=\"(max-width: 4928px) 100vw, 4928px\" \/><\/div><\/div><div class=\"wpb_column hcode-column-container vc_col-sm-3 col-xs-mobile-fullwidth\" data-front-class=\"col-xs-mobile-fullwidth\"><div class=\"vc-column-innner-wrapper\"><\/div><\/div><div class=\"wpb_column hcode-column-container vc_col-sm-6 col-xs-mobile-fullwidth\" data-front-class=\"col-xs-mobile-fullwidth\"><div class=\"vc-column-innner-wrapper\"><h3><strong>Definition Ergotherapie:<\/strong><\/h3>\n<p>Ergotherapie beruht auf medizinischer und sozialwissenschaftlicher Grundlage und ist ein \u00e4rztlich verordnetes Heilmittel.<\/p>\n<p>Ergotherapie hat zum Ziel, Menschen dabei zu helfen, eine durch Krankheit, Verletzung oder Behinderung verlorengegangene bzw. noch nicht vorhandene Handlungsf\u00e4higkeit im Alltag wieder zu erreichen.<\/p>\n<p>Im Zentrum der Ergotherapie steht der Mensch, der in seinem Alltag und in seiner Umwelt optimale Handlungsf\u00e4higkeit und Lebensqualit\u00e4t erhalten bzw. wieder erreichen will.<\/p>\n<p>In der Ergotherapie (abgeleitet vom griechischen Wort \u201eergein\u201c = handeln, t\u00e4tig sein) bet\u00e4tigt sich der Ergotherapeut mit dem Klienten mit gezielten Bet\u00e4tigungen mit therapeutischer und gesundheitsf\u00f6rdernder Wirkung.<\/p>\n<p>Deshalb unterst\u00fctzt und begleitet Ergotherapie Menschen jeden Alters, die in Ihrer Handlungsf\u00e4higkeit (z. B. motorischer, kognitiver, psychischer, sozioemotionaler Art) eingeschr\u00e4nkt oder von Einschr\u00e4nkung bedroht sind und\/ oder ihre Handlungsf\u00e4higkeit verbessern m\u00f6chten.<\/p>\n<p>Durch Ergotherapie sollen Menschen ihre Teilhabe (Partizipation) an der Gesellschaft wiedererreichen, aufrechterhalten oder erweitern und ihre Lebensqualit\u00e4t verbessern k\u00f6nnen. An der Gesellschaft teilzuhaben bedeutet, in eine Lebenssituation bzw. einen Lebensbereich einbezogen zu sein und diesen mitgestalten zu k\u00f6nnen.<\/p>\n<p>Dabei spielen unter anderem eine Rolle:<\/p>\n<p>Die Wechselwirkung von Mensch, Aktivit\u00e4t, Teilhabe, K\u00f6rperfunktionen\/ -strukturen, Umweltfaktoren und personenbezogene Faktoren.<\/p>\n<p>Der Bezug zur Umwelt ist von ausschlaggebender Bedeutung. F\u00fcr Ergotherapeuten spielt die Anpassung an die Umwelt\/ Umfeld in zweierlei Hinsicht eine gro\u00dfe Rolle. Zum einen geht es um eine Anpassung, die der Mensch an gegebene Umweltstrukturen zu leisten hat, zum anderen darum, Umwelt-\/ Umfeldstrukturen an den Betroffenen anzupassen.<\/p>\n<\/div><\/div><\/div><\/div><\/section><section class=\"methods  vc_custom_1518356212470\"><div class=\"container\"><div class=\"wpb_column hcode-column-container vc_col-sm-6 col-xs-mobile-fullwidth\" data-front-class=\"col-xs-mobile-fullwidth\"><div class=\"vc-column-innner-wrapper\"><h3><b>Wer wird ergotherapeutisch behandelt?<\/b><\/h3>\n<p>Menschen jedes Alters mit Erkrankungen und St\u00f6rungen aus den medizinischen Fachbereichen<\/p>\n<ul>\n<li>Neurologie<\/li>\n<li>Orthop\u00e4die<\/li>\n<li>Traumatologie<\/li>\n<li>Rheumatologie<\/li>\n<li>Arbeitstherapie<\/li>\n<li>Psychiatrie<\/li>\n<li>Geriatrie<\/li>\n<li>P\u00e4diatrie<\/li>\n<\/ul>\n<\/div><\/div><div class=\"wpb_column hcode-column-container vc_col-sm-3 col-xs-mobile-fullwidth\" data-front-class=\"col-xs-mobile-fullwidth\"><div class=\"vc-column-innner-wrapper\"><\/div><\/div><div class=\"wpb_column hcode-column-container vc_col-sm-3 col-xs-mobile-fullwidth\" data-front-class=\"col-xs-mobile-fullwidth\"><div class=\"vc-column-innner-wrapper\"><img loading=\"lazy\" decoding=\"async\" width=\"4928\" height=\"3264\" src=\"https:\/\/www.ergotherapie-trinkner.de\/wp-content\/uploads\/2018\/07\/DSC_3947.jpg\" class=\"\" alt=\"\" srcset=\"https:\/\/www.ergotherapie-trinkner.de\/wp-content\/uploads\/2018\/07\/DSC_3947.jpg 4928w, https:\/\/www.ergotherapie-trinkner.de\/wp-content\/uploads\/2018\/07\/DSC_3947-300x199.jpg 300w, https:\/\/www.ergotherapie-trinkner.de\/wp-content\/uploads\/2018\/07\/DSC_3947-768x509.jpg 768w, https:\/\/www.ergotherapie-trinkner.de\/wp-content\/uploads\/2018\/07\/DSC_3947-1024x678.jpg 1024w, https:\/\/www.ergotherapie-trinkner.de\/wp-content\/uploads\/2018\/07\/DSC_3947-81x54.jpg 81w\" sizes=\"(max-width: 4928px) 100vw, 4928px\" \/><\/div><\/div><\/div><\/section><section><div class=\"container\"><div class=\"row\"><div class=\"wpb_column hcode-column-container vc_col-sm-3 col-xs-mobile-fullwidth\" data-front-class=\"col-xs-mobile-fullwidth\"><div class=\"vc-column-innner-wrapper\"><img loading=\"lazy\" decoding=\"async\" width=\"1920\" height=\"1272\" src=\"https:\/\/www.ergotherapie-trinkner.de\/wp-content\/uploads\/2018\/05\/DSC_3924.jpg\" class=\"\" alt=\"\" srcset=\"https:\/\/www.ergotherapie-trinkner.de\/wp-content\/uploads\/2018\/05\/DSC_3924.jpg 1920w, https:\/\/www.ergotherapie-trinkner.de\/wp-content\/uploads\/2018\/05\/DSC_3924-300x199.jpg 300w, https:\/\/www.ergotherapie-trinkner.de\/wp-content\/uploads\/2018\/05\/DSC_3924-768x509.jpg 768w, https:\/\/www.ergotherapie-trinkner.de\/wp-content\/uploads\/2018\/05\/DSC_3924-1024x678.jpg 1024w, https:\/\/www.ergotherapie-trinkner.de\/wp-content\/uploads\/2018\/05\/DSC_3924-81x54.jpg 81w\" sizes=\"(max-width: 1920px) 100vw, 1920px\" \/><\/div><\/div><div class=\"wpb_column hcode-column-container vc_col-sm-3 col-xs-mobile-fullwidth\" data-front-class=\"col-xs-mobile-fullwidth\"><div class=\"vc-column-innner-wrapper\"><\/div><\/div><div class=\"wpb_column hcode-column-container vc_col-sm-6 col-xs-mobile-fullwidth\" data-front-class=\"col-xs-mobile-fullwidth\"><div class=\"vc-column-innner-wrapper\"><h3><strong>Die Ergotherapie enth\u00e4lt folgende Ma\u00dfnahmen:<\/strong><\/h3>\n<ul>\n<li>Motorisch funktionelle Behandlung<\/li>\n<li>Sensomotorisch perzeptive Behandlung<\/li>\n<li>Hirnleistungstraining\/ Neuropsychologisch orientierte Behandlung<\/li>\n<li>Psychisch -funktionelle Behandlung<\/li>\n<li>Thermische Anwendung<\/li>\n<li>Ergotherapeutische tempor\u00e4re Schiene<\/li>\n<li>Analyse des ergotherapeutischen Bedarfs<\/li>\n<li>Hausbesuch, wenn vom Arzt verordnet<\/li>\n<li>Hausbesuch - bei Beratung und Integration in das h\u00e4usliche Umfeld<\/li>\n<\/ul>\n<\/div><\/div><\/div><\/div><\/section><section class=\"methods  vc_custom_1518356212470\"><div class=\"container\"><div class=\"wpb_column hcode-column-container vc_col-sm-6 col-xs-mobile-fullwidth\" data-front-class=\"col-xs-mobile-fullwidth\"><div class=\"vc-column-innner-wrapper\"><h3>\u00d6ffnungszeiten der Praxis<\/h3>\n<p>Montag - Freitag<br \/>\n8:00 - 19:00 Uhr<\/p>\n<p>Au\u00dferhalb dieser Zeiten nach Vereinbarung.<\/p>\n<p>Tel: 07143 \/ 96 77 99<\/p>\n<p>&nbsp;<\/p>\n<h4><span style=\"color: #58c4a9;\">Die Praxis ist behindertengerecht.<\/span><\/h4>\n<\/div><\/div><div class=\"wpb_column hcode-column-container vc_col-sm-3 col-xs-mobile-fullwidth\" data-front-class=\"col-xs-mobile-fullwidth\"><div class=\"vc-column-innner-wrapper\"><\/div><\/div><div class=\"wpb_column hcode-column-container vc_col-sm-3 col-xs-mobile-fullwidth\" data-front-class=\"col-xs-mobile-fullwidth\"><div class=\"vc-column-innner-wrapper\"><img loading=\"lazy\" decoding=\"async\" width=\"810\" height=\"1080\" src=\"https:\/\/www.ergotherapie-trinkner.de\/wp-content\/uploads\/2018\/09\/DSCN0009-1.jpg\" class=\"\" alt=\"\" srcset=\"https:\/\/www.ergotherapie-trinkner.de\/wp-content\/uploads\/2018\/09\/DSCN0009-1.jpg 810w, https:\/\/www.ergotherapie-trinkner.de\/wp-content\/uploads\/2018\/09\/DSCN0009-1-225x300.jpg 225w, https:\/\/www.ergotherapie-trinkner.de\/wp-content\/uploads\/2018\/09\/DSCN0009-1-768x1024.jpg 768w, https:\/\/www.ergotherapie-trinkner.de\/wp-content\/uploads\/2018\/09\/DSCN0009-1-81x108.jpg 81w\" sizes=\"(max-width: 810px) 100vw, 810px\" \/><\/div><\/div><\/div><\/section>","protected":false},"excerpt":{"rendered":"<p>Was ist Ergotherapie?[vc_empty_space height=&#8220;50px&#8220;]Definition Ergotherapie: Ergotherapie beruht auf medizinischer und sozialwissenschaftlicher Grundlage und ist ein \u00e4rztlich verordnetes Heilmittel. Ergotherapie hat zum Ziel, Menschen dabei zu helfen, eine durch Krankheit, Verletzung oder Behinderung verlorengegangene bzw. noch nicht vorhandene Handlungsf\u00e4higkeit im Alltag wieder zu erreichen. Im Zentrum der Ergotherapie steht der Mensch, der in seinem Alltag und [&hellip;]<\/p>\n","protected":false},"author":1,"featured_media":0,"parent":0,"menu_order":0,"comment_status":"closed","ping_status":"closed","template":"","meta":{"footnotes":""},"_links":{"self":[{"href":"https:\/\/www.ergotherapie-trinkner.de\/index.php\/wp-json\/wp\/v2\/pages\/23"}],"collection":[{"href":"https:\/\/www.ergotherapie-trinkner.de\/index.php\/wp-json\/wp\/v2\/pages"}],"about":[{"href":"https:\/\/www.ergotherapie-trinkner.de\/index.php\/wp-json\/wp\/v2\/types\/page"}],"author":[{"embeddable":true,"href":"https:\/\/www.ergotherapie-trinkner.de\/index.php\/wp-json\/wp\/v2\/users\/1"}],"replies":[{"embeddable":true,"href":"https:\/\/www.ergotherapie-trinkner.de\/index.php\/wp-json\/wp\/v2\/comments?post=23"}],"version-history":[{"count":27,"href":"https:\/\/www.ergotherapie-trinkner.de\/index.php\/wp-json\/wp\/v2\/pages\/23\/revisions"}],"predecessor-version":[{"id":206,"href":"https:\/\/www.ergotherapie-trinkner.de\/index.php\/wp-json\/wp\/v2\/pages\/23\/revisions\/206"}],"wp:attachment":[{"href":"https:\/\/www.ergotherapie-trinkner.de\/index.php\/wp-json\/wp\/v2\/media?parent=23"}],"curies":[{"name":"wp","href":"https:\/\/api.w.org\/{rel}","templated":true}]}}