{"id":2,"date":"2018-01-24T09:32:57","date_gmt":"2018-01-24T09:32:57","guid":{"rendered":"http:\/\/www.ergotherapie-trinkner.de\/?page_id=2"},"modified":"2024-01-15T07:34:35","modified_gmt":"2024-01-15T07:34:35","slug":"sample-page","status":"publish","type":"page","link":"https:\/\/www.ergotherapie-trinkner.de\/","title":{"rendered":"Startseite"},"content":{"rendered":"<section class=\"header-img\"><div class=\"wpb_column hcode-column-container vc_col-sm-12 col-xs-mobile-fullwidth\" data-front-class=\"col-xs-mobile-fullwidth\"><div class=\"vc-column-innner-wrapper\"><img loading=\"lazy\" decoding=\"async\" width=\"1920\" height=\"750\" src=\"https:\/\/www.ergotherapie-trinkner.de\/wp-content\/uploads\/2018\/07\/startseite.jpg\" class=\"\" alt=\"\" srcset=\"https:\/\/www.ergotherapie-trinkner.de\/wp-content\/uploads\/2018\/07\/startseite.jpg 1920w, https:\/\/www.ergotherapie-trinkner.de\/wp-content\/uploads\/2018\/07\/startseite-300x117.jpg 300w, https:\/\/www.ergotherapie-trinkner.de\/wp-content\/uploads\/2018\/07\/startseite-768x300.jpg 768w, https:\/\/www.ergotherapie-trinkner.de\/wp-content\/uploads\/2018\/07\/startseite-1024x400.jpg 1024w, https:\/\/www.ergotherapie-trinkner.de\/wp-content\/uploads\/2018\/07\/startseite-81x32.jpg 81w\" sizes=\"(max-width: 1920px) 100vw, 1920px\" \/><\/div><\/div><\/section><section><div class=\"container\"><div class=\"row\"><div class=\"wpb_column hcode-column-container vc_col-sm-12 col-xs-mobile-fullwidth\" data-front-class=\"col-xs-mobile-fullwidth\"><div class=\"vc-column-innner-wrapper\"><h1 class=\"section-title \">Willkommen in der Ergotherapie - Praxis Anke Trinkner<\/h1><\/div><\/div><\/div><\/div><\/section><section><div class=\"container\"><div class=\"row\"><div class=\"wpb_column hcode-column-container vc_col-sm-6 col-xs-mobile-fullwidth\" data-front-class=\"col-xs-mobile-fullwidth\"><div class=\"vc-column-innner-wrapper\"><img loading=\"lazy\" decoding=\"async\" width=\"4928\" height=\"3264\" src=\"https:\/\/www.ergotherapie-trinkner.de\/wp-content\/uploads\/2018\/07\/DSC_3839.jpg\" class=\"\" alt=\"\" srcset=\"https:\/\/www.ergotherapie-trinkner.de\/wp-content\/uploads\/2018\/07\/DSC_3839.jpg 4928w, https:\/\/www.ergotherapie-trinkner.de\/wp-content\/uploads\/2018\/07\/DSC_3839-300x199.jpg 300w, https:\/\/www.ergotherapie-trinkner.de\/wp-content\/uploads\/2018\/07\/DSC_3839-768x509.jpg 768w, https:\/\/www.ergotherapie-trinkner.de\/wp-content\/uploads\/2018\/07\/DSC_3839-1024x678.jpg 1024w, https:\/\/www.ergotherapie-trinkner.de\/wp-content\/uploads\/2018\/07\/DSC_3839-81x54.jpg 81w\" sizes=\"(max-width: 4928px) 100vw, 4928px\" \/><\/div><\/div><div class=\"wpb_column hcode-column-container vc_col-sm-6 col-xs-mobile-fullwidth\" data-front-class=\"col-xs-mobile-fullwidth\"><div class=\"vc-column-innner-wrapper\"><h3>Ergotherapeutische Behandlung<\/h3>\n<p>In unserer Praxis f\u00fcr Ergotherapie behandeln und unterst\u00fctzen wir Sie dabei, ihre Handlungsf\u00e4higkeit im Alltag zu f\u00f6rdern. Wir m\u00f6chten Ihnen hier unsere Praxis vorstellen und Ihnen einen Einblick in unser Leistungsspektrum geben.<\/p>\n<p>Wir behandeln Mitglieder aller gesetzlichen Kassen- und Privatpatienten. Unsere Praxis ist behindertengerecht ausgestattet und barrierefrei zu erreichen. Termine in der Praxis und Hausbesuche k\u00f6nnen Sie mit uns telefonisch oder pers\u00f6nlich vereinbaren.<\/p>\n<\/div><\/div><\/div><\/div><\/section><section><div class=\"container\"><div class=\"row\"><div class=\"wpb_column hcode-column-container vc_col-sm-12 col-xs-mobile-fullwidth\" data-front-class=\"col-xs-mobile-fullwidth\"><div class=\"vc-column-innner-wrapper\"><h2 class=\"section-title \">Unsere ergotherapeutischen Fachbereiche<\/h2><\/div><\/div><\/div><\/div><\/section><section class=\"methods  vc_custom_1518356212470\"><div class=\"container\"><div class=\"wpb_column hcode-column-container vc_col-sm-4 col-xs-mobile-fullwidth\" data-front-class=\"col-xs-mobile-fullwidth\"><div class=\"vc-column-innner-wrapper\"><ul>\n<li>Neurologie<\/li>\n<li>Orthop\u00e4die<\/li>\n<li>Traumatologie<\/li>\n<\/ul>\n<\/div><\/div><div class=\"wpb_column hcode-column-container vc_col-sm-4 col-xs-mobile-fullwidth\" data-front-class=\"col-xs-mobile-fullwidth\"><div class=\"vc-column-innner-wrapper\"><ul>\n<li>Rheumatologie<\/li>\n<li>Arbeitstherapie<\/li>\n<li>Psychiatrie<\/li>\n<\/ul>\n<\/div><\/div><div class=\"wpb_column hcode-column-container vc_col-sm-4 col-xs-mobile-fullwidth\" data-front-class=\"col-xs-mobile-fullwidth\"><div class=\"vc-column-innner-wrapper\"><ul>\n<li>Geriatrie<\/li>\n<li>P\u00e4diatrie<\/li>\n<\/ul>\n<\/div><\/div><\/div><\/section><section><div class=\"container\"><div class=\"row\"><div class=\"wpb_column hcode-column-container vc_col-sm-6 col-xs-mobile-fullwidth\" data-front-class=\"col-xs-mobile-fullwidth\"><div class=\"vc-column-innner-wrapper\"><h3>\u00d6ffnungszeiten der Praxis<\/h3>\n<p>Montag - Freitag<br \/>\n8:00 - 19:00 Uhr<\/p>\n<p>Au\u00dferhalb dieser Zeiten nach Vereinbarung.<\/p>\n<p>Tel: 07143 \/ 96 77 99<\/p>\n<h4><span style=\"color: #58c4a9;\">Die Praxis ist behindertengerecht.<\/span><\/h4>\n<\/div><\/div><div class=\"wpb_column hcode-column-container vc_col-sm-6 col-xs-mobile-fullwidth\" data-front-class=\"col-xs-mobile-fullwidth\"><div class=\"vc-column-innner-wrapper\"><img loading=\"lazy\" decoding=\"async\" width=\"810\" height=\"1080\" src=\"https:\/\/www.ergotherapie-trinkner.de\/wp-content\/uploads\/2018\/09\/DSCN0009-1.jpg\" class=\"\" alt=\"\" srcset=\"https:\/\/www.ergotherapie-trinkner.de\/wp-content\/uploads\/2018\/09\/DSCN0009-1.jpg 810w, https:\/\/www.ergotherapie-trinkner.de\/wp-content\/uploads\/2018\/09\/DSCN0009-1-225x300.jpg 225w, https:\/\/www.ergotherapie-trinkner.de\/wp-content\/uploads\/2018\/09\/DSCN0009-1-768x1024.jpg 768w, https:\/\/www.ergotherapie-trinkner.de\/wp-content\/uploads\/2018\/09\/DSCN0009-1-81x108.jpg 81w\" sizes=\"(max-width: 810px) 100vw, 810px\" \/><\/div><\/div><\/div><\/div><\/section>","protected":false},"excerpt":{"rendered":"<p>Willkommen in der Ergotherapie &#8211; Praxis Anke TrinknerErgotherapeutische Behandlung In unserer Praxis f\u00fcr Ergotherapie behandeln und unterst\u00fctzen wir Sie dabei, ihre Handlungsf\u00e4higkeit im Alltag zu f\u00f6rdern. Wir m\u00f6chten Ihnen hier unsere Praxis vorstellen und Ihnen einen Einblick in unser Leistungsspektrum geben. Wir behandeln Mitglieder aller gesetzlichen Kassen- und Privatpatienten. Unsere Praxis ist behindertengerecht ausgestattet und [&hellip;]<\/p>\n","protected":false},"author":1,"featured_media":0,"parent":0,"menu_order":0,"comment_status":"closed","ping_status":"closed","template":"","meta":{"footnotes":""},"_links":{"self":[{"href":"https:\/\/www.ergotherapie-trinkner.de\/index.php\/wp-json\/wp\/v2\/pages\/2"}],"collection":[{"href":"https:\/\/www.ergotherapie-trinkner.de\/index.php\/wp-json\/wp\/v2\/pages"}],"about":[{"href":"https:\/\/www.ergotherapie-trinkner.de\/index.php\/wp-json\/wp\/v2\/types\/page"}],"author":[{"embeddable":true,"href":"https:\/\/www.ergotherapie-trinkner.de\/index.php\/wp-json\/wp\/v2\/users\/1"}],"replies":[{"embeddable":true,"href":"https:\/\/www.ergotherapie-trinkner.de\/index.php\/wp-json\/wp\/v2\/comments?post=2"}],"version-history":[{"count":48,"href":"https:\/\/www.ergotherapie-trinkner.de\/index.php\/wp-json\/wp\/v2\/pages\/2\/revisions"}],"predecessor-version":[{"id":216,"href":"https:\/\/www.ergotherapie-trinkner.de\/index.php\/wp-json\/wp\/v2\/pages\/2\/revisions\/216"}],"wp:attachment":[{"href":"https:\/\/www.ergotherapie-trinkner.de\/index.php\/wp-json\/wp\/v2\/media?parent=2"}],"curies":[{"name":"wp","href":"https:\/\/api.w.org\/{rel}","templated":true}]}}